{"id":561,"date":"2024-08-18T08:46:04","date_gmt":"2024-08-18T08:46:04","guid":{"rendered":"https:\/\/yas-restaurant.de\/site-notice"},"modified":"2025-07-30T15:49:01","modified_gmt":"2025-07-30T15:49:01","slug":"site-notice","status":"publish","type":"page","link":"https:\/\/yas-restaurant.de\/en\/site-notice","title":{"rendered":"Site Notice"},"content":{"rendered":"\t\t<div data-elementor-type=\"wp-page\" data-elementor-id=\"561\" class=\"elementor elementor-561 elementor-157\" data-elementor-post-type=\"page\">\n\t\t\t\t<div class=\"elementor-element elementor-element-9aab65c e-flex e-con-boxed e-con e-parent\" data-id=\"9aab65c\" data-element_type=\"container\" data-e-type=\"container\">\n\t\t\t\t\t<div class=\"e-con-inner\">\n\t\t\t\t<div class=\"elementor-element elementor-element-a2c4ad2 elementor-widget elementor-widget-heading\" data-id=\"a2c4ad2\" data-element_type=\"widget\" data-e-type=\"widget\" data-widget_type=\"heading.default\">\n\t\t\t\t<div class=\"elementor-widget-container\">\n\t\t\t\t\t<h1 class=\"elementor-heading-title elementor-size-default\">Site Notice<\/h1>\t\t\t\t<\/div>\n\t\t\t\t<\/div>\n\t\t\t\t<div class=\"elementor-element elementor-element-208fbf5 elementor-widget elementor-widget-text-editor\" data-id=\"208fbf5\" data-element_type=\"widget\" data-e-type=\"widget\" data-widget_type=\"text-editor.default\">\n\t\t\t\t<div class=\"elementor-widget-container\">\n\t\t\t\t\t\t\t\t\t<p>YAS Restaurant<br>Owner: A&amp;S Verwaltung GmbH<br>Represented by:: Azarnia &amp; Shokri<br>An Gro\u00df St. Martin 2<br>50667 K\u00f6ln<\/p><p>Phone:+49 (221) 42 3453 12<br>Fax: +49 (221) 2 58 08 93<br>E-Mail: <span \n                data-original-string='xHEt\/gN\/azBDaEK8ZSqyDA==e76v\/FKI1Asf5KXl+1uZteX2dK0llR03y4paU07nxF7oVI='\n                class='apbct-email-encoder'\n                title='This contact has been encoded by Anti-Spam by CleanTalk. Click to decode. To finish the decoding make sure that JavaScript is enabled in your browser.'>in<span class=\"apbct-blur\">**<\/span>@<span class=\"apbct-blur\">************<\/span>nt.de<\/span><br>Internet: www.yas-restaurant.de<\/p><p>Cologne tax office<br>Tax number: 215 \/ 5900 \/ 3013<br>VAT ID: DE 301 56 3290<\/p><p>Commercial Register: HRB 78751<br>Registration court: Amtsgericht K\u00f6ln<\/p><p>Stadtsparkasse K\u00f6ln<br>BIC: COKSDE33XXX<br>IBAN: DE41 3705 0299 0002 0202 82<\/p><h2>Consumer dispute resolution\/universal arbitration board<\/h2><p>We are not willing or obliged to participate in dispute resolution proceedings before a consumer arbitration board.<\/p>\t\t\t\t\t\t\t\t<\/div>\n\t\t\t\t<\/div>\n\t\t\t\t<div class=\"elementor-element elementor-element-4907393 elementor-hidden-desktop elementor-hidden-tablet elementor-hidden-mobile elementor-widget elementor-widget-text-editor\" data-id=\"4907393\" data-element_type=\"widget\" data-e-type=\"widget\" data-widget_type=\"text-editor.default\">\n\t\t\t\t<div class=\"elementor-widget-container\">\n\t\t\t\t\t\t\t\t\t<div class=\"elementor-element elementor-element-5a0d6c1 elementor-widget elementor-widget-heading\" data-id=\"5a0d6c1\" data-element_type=\"widget\" data-widget_type=\"heading.default\"><div class=\"elementor-widget-container\"> <\/div><\/div><div class=\"elementor-element elementor-element-3279f88 elementor-widget elementor-widget-text-editor\" data-id=\"3279f88\" data-element_type=\"widget\" data-widget_type=\"text-editor.default\"><div class=\"elementor-widget-container\"><h3><span style=\"color: #fcc616;\">Allgemeine Gesch\u00e4ftsbedingungen<\/span><\/h3><p><em>Lieber Gast!<\/em><\/p><p><em>Wir sind sehr bem\u00fcht, Ihnen Ihren Aufenthalt bei uns so angenehm wie m\u00f6glich zu gestalten. Deshalb sollten Sie wissen, welche Leistungen wir erbringen, wof\u00fcr wir einstehen und welche Verbindlichkeiten Sie uns gegen\u00fcber haben.<br>Wir bitten Sie deshalb die folgenden Allgemeinen Gesch\u00e4ftsbedingungen zu beachten, die das Vertragsverh\u00e4ltnis zwischen Ihnen und uns regeln und im beiderseitigen Interesse kl\u00e4ren sollen, und die Sie mit Ihren Buchungen anerkennen. <\/em><\/p><h5><span style=\"color: #fcc616;\">I. Vertragsschluss<\/span><\/h5><p>1. Der Vertrag ist abgeschlossen sobald die Zimmer, R\u00e4ume oder sonstige Leistungen bestellt und zugesagt, oder, falls eine Zusage aus Zeitgr\u00fcnden nicht mehr m\u00f6glich ist, bereitgestellt werden.<\/p><p>2. Die Leistungserbringung erfolgt nur auf Grundlage der vorliegenden Hotel \u2013 AGBs, AGB\u2019s des Kunden werden nicht anerkannt.<\/p><p>3. Eine Unter- oder Weitervermietung an einen Dritten bedarf der schriftlichen Einwilligung des Hotels.<\/p><p>4. Hat ein Dritter f\u00fcr einen Kunden bestellt, haftet er dem Hotel gegen\u00fcber mit dem Kunden als Gesamtschuldner. Das Hotel kann vom Kunden oder vom Dritten eine angemessene Vorauszahlung verlangen. <\/p><p>5. Weicht der Inhalt der Reservierungsbest\u00e4tigung von dem Inhalt der Anmeldung ab, wird der abweichende Inhalt der Best\u00e4tigung f\u00fcr den Gast und f\u00fcr das Hotel dann verbindlich, wenn der Gast nicht innerhalb von 10 Tagen von dem angebotenen R\u00fccktrittsrecht Gebrauch macht.<\/p><p>6. Die Verj\u00e4hrungsfrist betr\u00e4gt f\u00fcr alle Anspr\u00fcche des Gl\u00e4ubigers (Gast) sechs Monate ab dem Zeitpunkt indem der Vertrag abgeschlossen wurde.<\/p><h5><span style=\"color: #fcc616;\">II. An- und Abreise<\/span><\/h5><p>1. Soweit nicht anders vereinbart, ist der Zimmerbezug am Anreisetag nicht vor 15:00 Uhr m\u00f6glich. Die Zimmerabgabe hat bis sp\u00e4testens 11:00 Uhr am Abreisetag zu erfolgen. Danach kann der Gl\u00e4ubiger (Hotel) bis 18:00 Uhr 60% des vollen Logisbetrages dem Schuldner (Gast) in Rechnung stellen, ab 18:00 Uhr 100%. Dem Schuldner steht es frei nachzuweisen, dass dem Gl\u00e4ubiger kein oder ein wesentlich geringerer Schaden entstanden ist.   <\/p><p>2. Reservierte Zimmer, die nicht bis sp\u00e4testens 18:00 Uhr des Anreisetages bezogen werden, k\u00f6nnen durch das Hotel anderweitig vergeben werden. Dies gilt nicht, sofern ausdr\u00fccklich eine sp\u00e4tere Anreise vereinbart wurde. <\/p><h5><span style=\"color: #fcc616;\">III. Preise und Leistungen<\/span><\/h5><p>1. Vereinbarter Preis und die vereinbarten Leistungen des Hotels ergeben sich aus der Reservierungsbest\u00e4tigung. Sofern die Reservierung nicht best\u00e4tigt wurde, gelten die am Empfang oder im Zimmer ausgeh\u00e4ndigten Preise. Die Preise schlie\u00dfen Bedienungsgeld und Mehrwertsteuer ein. Der Kunde ist verpflichtet, die f\u00fcr die von ihm in Anspruch genommenen Leistungen geltenden bzw. vereinbarten Preise des Hotels zu bezahlen. Dies gilt auch f\u00fcr vom Kunden veranlasste Leistungen und Auslagen an Dritte.    <\/p><p>2. \u00c4ndert sich nach Vertragsabschluss die Mehrwertsteuer, so \u00e4ndern sich die vereinbarten Preise entsprechend.<\/p><p>3. \u00dcberschreitet der Zeitraum zwischen Vertragsabschluss und Zimmer- bzw. Raumbuchung 4 Monate, und erh\u00f6ht sich der vom Hotel allgemein f\u00fcr derartige Leistungen berechnete Preis, so kann das Hotel den vertraglich vereinbarten Preis angemessen, h\u00f6chstens jedoch um 10% anheben. Die Preise k\u00f6nnen vom Hotel ferner ge\u00e4ndert werden, wenn der Kunde nachtr\u00e4glich \u00c4nderungen der gebuchten Zimmer, der Leistungen des Hotels oder der Aufenthaltsdauer w\u00fcnscht und das Hotel dem zustimmt. <\/p><h5><span style=\"color: #fcc616;\">IV. Zahlung &amp; Rechnung des Hotels<\/span><\/h5><p>1. F\u00fcr die Reservierung kann vom Hotel oder danach eine angemessene Vorauszahlung verlangt werden. Die H\u00f6he der Vorauszahlung und der Zahlungstermin werden im Vertrag schriftlich vereinbart. <\/p><p>2. Rechnungen ohne F\u00e4lligkeitsdatum sind binnen einer Frist von 14 Tagen ohne Abzug zu zahlen. Der Frist beginnt mit dem Datum des Poststempels. <\/p><p>3. Bei Zahlungsverzug ist das Hotel berechtigt, Zinsen in H\u00f6he von 5% \u00fcber dem jeweiligen Bundesdiskontsatz zu berechnen, falls das Hotel nicht einen h\u00f6heren oder der Gast einen niedrigeren Verzugsschaden nachweist.<\/p><p>4. Ab der 2. Mahnung nach Verzugseintritt wird eine Mahngeb\u00fchr in H\u00f6he von 20 \u20ac erhoben.<\/p><p>5. Erf\u00fcllungsort f\u00fcr Zahlungsverpflichtungen ist der Sitz des Hotels, auch dann, wenn etwa auf Grund besonderer Vereinbarungen die Forderungen kreditieren und\/ oder auf Grund gesonderter Rechnungsstellung und Vereinbarungen erst sp\u00e4ter f\u00e4llig werden.<\/p><p>6. R\u00fcckverg\u00fctung oder Erstattung nicht in Anspruch genommener Leistungen sind nicht m\u00f6glich.<\/p><p>7. Der Kunde kann nur mit einer unstreitigen oder rechtskr\u00e4ftig festgestellten Forderung gegen\u00fcber einer Forderung des Hotels aufrechnen oder mindern.<\/p><h5><span style=\"color: #fcc616;\">V. R\u00fccktritt des Kunden<\/span><\/h5><p>1. Ein R\u00fccktritt des Kunden von dem mit dem Hotel geschlossenen Vertrag bedarf der schriftlichen Zustimmung des Hotels. Erfolgt eine solche Zustimmung nicht, so ist der vereinbarte Preis aus dem Vertrag auch dann zu zahlen, wenn der Kunde vertragliche Leistungen nicht in Anspruch nimmt. <\/p><p>2. Sofern zwischen dem Hotel und dem Kunden ein Termin zum R\u00fccktritt vom Vertrag schriftlich vereinbart wurde, kann der Kunde bis dahin vom Vertrag zur\u00fccktreten ohne Zahlungs- oder Schadensersatzanspr\u00fcche des Hotels auszul\u00f6sen. Das R\u00fccktrittsrecht des Kunden erlischt, wenn er nicht bis zum vereinbarten Termin sein Recht zum R\u00fccktritt schriftlich gegen\u00fcber dem Hotel aus\u00fcbt. <\/p><p>3. Bei vom Kunden nicht in Anspruch genommenen Zimmern hat das Hotel die Einnahmen aus anderweitiger Vermietung der Zimmer sowie die eingesparten Aufwendungen anzurechnen.<\/p><p>4. Dem Hotel steht es frei, den ihm entstehenden und vom Kunden zu ersetzenden Schaden zu pauschalieren. Der Kunde ist dann verpflichtet 100% des vertraglich vereinbarten Preises f\u00fcr \u00dcbernachtung mit oder ohne Fr\u00fchst\u00fcck zu zahlen. Dem Kunden steht der Nachweis frei, dass der dem Hotel entstandene Schaden niedriger als die geforderte Pauschale ist.  <\/p><h5><span style=\"color: #fcc616;\">VI. Nichtinanspruchnahme durch den Kunden<\/span><\/h5><p>1. Der Schuldner (hier Gast) hat jegliche Stornierung und Versp\u00e4tung bis 18:00 Uhr am Anreisetag zu melden, es sei denn es ist anders vereinbart. Kommt der Schuldner dieser Pflicht nicht nach, so muss er dem Hotel den Gesamtpreis also 100% der Aufenthaltskosten leisten. <\/p><p>2. Eine Stornierung und andere Vereinbarungen bed\u00fcrfen der Schriftform.<\/p><p>3. Dem Hotel steht es frei Schadensersatz vom Kunden zu verlangen.<\/p><h5><span style=\"color: #fcc616;\">VII. R\u00fccktritt des Hotels<\/span><\/h5><p>1. Das Hotel ist berechtigt, in der Zeit bis zu einem vereinbarten R\u00fccktrittstermin gem\u00e4\u00df V. 2 seinerseits vom Vertrag zur\u00fcckzutreten, sofern Anfragen anderer Kunden nach den vertraglich gebuchten Zimmern vorliegen und der Kunde auf R\u00fcckfrage des Hotels auf sein Recht auf R\u00fccktritt nicht verzichtet.<\/p><p>2. Wird eine vereinbarte Vorauszahlung auch nach Verstreichen einer vom Hotel gesetzten angemessenen Nachfrist mit Ablehnungsandrohung nicht geleistet, so ist das Hotel ebenfalls zum R\u00fccktritt vom Vertrag berechtigt.<\/p><p>3. Ferner ist das Hotel berechtigt aus sachlich gerechtfertigtem Grund vom Vertrag zur\u00fcckzutreten, beispielsweise falls: \u2022 H\u00f6here Gewalt oder andere vom Hotel nicht zu vertretende Umst\u00e4nde die Erf\u00fcllung des Vertrages unm\u00f6glich machen \u2022 Zimmer unter irref\u00fchrender oder falscher Angabe wesentlicher Tatsachen, z.B. des Kunden oder Zwecks, gebucht werden \u2022 Das Hotel begr\u00fcndeten Anlass zu der Annahme hat, dass die Inanspruchnahme der Hotelleistung den reibungslosen Gesch\u00e4ftsbetrieb, die Sicherheit oder das Ansehen des Hotels in der \u00d6ffentlichkeit gef\u00e4hrden kann, ohne dass dies dem Herrschafts- bzw. Organisationsbereich des Hotels zuzurechnen ist.<\/p><p>4. Das Hotel hat den Kunden von der Aus\u00fcbung des R\u00fccktrittrechts unverz\u00fcglich in Kenntnis zu setzen.<\/p><p>5. Durch einen R\u00fccktritt des Hotels entsteht kein Anspruch des Kunden auf Schadensersatz, au\u00dfer bei vors\u00e4tzlichem oder grob fahrl\u00e4ssigem Verhalten des Hotels.<\/p><h5><span style=\"color: #fcc616;\">VIII. Haftung des Hotels<\/span><\/h5><p>1. Das Hotel haftet f\u00fcr die Sorgfalt eines ordentlichen Kaufmanns, jedoch beschr\u00e4nkt auf Leistungsm\u00e4ngel oder St\u00f6rungen, die au\u00dfer im Leistungstypischen Bereich, auf Vorsatz oder grobe Fahrl\u00e4ssigkeit des Hotels zur\u00fcckzuf\u00fchren sind. Sollten St\u00f6rungen oder M\u00e4ngel an den Leistungen des Hotels auftreten, wird das Hotel auf unverz\u00fcgliche R\u00fcge des Kunden bem\u00fcht sein, f\u00fcr Abhilfe zu sorgen. Der Kunde ist verpflichtet, das ihm zumutbare beizutragen um die St\u00f6rung zu beheben und einen m\u00f6glichen Schaden gering zu halten.  <\/p><p>2. Das Hotel haftet dem Kunden nach den Bestimmungen des BGB. Seine Haftung ist jedoch f\u00fcr das Verschulden von gesetzlichen Vertretern und Erf\u00fcllungsgehilfen bzw. \u2013beauftragten auf den Fall von Vorsatz und grober Fahrl\u00e4ssigkeit dieser Person beschr\u00e4nkt. <\/p><p>3. F\u00fcr Wertgegenst\u00e4nde, die der Kunde mit sich bringt und sie wegen seines fahrl\u00e4ssigen Umgangs verliert, haftet das Hotel nicht.<\/p><p>4. Bei Fremdleistungen, technische oder sonstige Einrichtungen, die das Hotel f\u00fcr den Kunden von Dritten beschafft, handelt es im Namen und auf Rechnung des Kunden. Der Kunde stellt das Hotel von allen Anspr\u00fcchen Dritter aus \u00dcberlassung dieser Einrichtungen frei. <\/p><p>5. Weckauftr\u00e4ge werden vom Hotel mit gr\u00f6\u00dfter Sorgfalt ausgef\u00fchrt. Schadensersatzanspr\u00fcche wegen fehlerhafter Erledigung sind ausgeschlossen. <\/p><h5><span style=\"color: #fcc616;\">IX. Schlussbestimmungen<\/span><\/h5><p>1. \u00c4nderungen des Vertrages und sonstige Vereinbarungen, die nicht schriftlich festgehalten sind und vom Schriftlichen abweichen, sind von beiden Parteien schriftlich festzuhalten. M\u00fcndliche Vereinbarungen sind ausgeschlossen. <\/p><p>2. Erf\u00fcllungs- und Zahlungsort ist der Sitz des Hotels.<\/p><p>3. F\u00fcr Streitigkeiten aus diesem Vertrag und seine Erf\u00fcllung ist, soweit gesetzlich zul\u00e4ssig, die Zust\u00e4ndigkeit des Gerichts am Sitz des Hotels vereinbart.<\/p><p>4. Es gilt das deutsche Recht.<\/p><p>5. Sollten einzelne Bestimmungen dieser Allgemeinen Gesch\u00e4ftsbedingungen f\u00fcr die Hotelaufnahme unwirksam oder nichtig sein oder werden, so wird dadurch die Wirksamkeit der \u00fcbrigen Bestimmungen nicht ber\u00fchrt. Im \u00dcbrigen gelten die gesetzlichen Vorschriften. <\/p><\/div><\/div>\t\t\t\t\t\t\t\t<\/div>\n\t\t\t\t<\/div>\n\t\t\t\t\t<\/div>\n\t\t\t\t<\/div>\n\t\t\t\t<\/div>\n\t\t","protected":false},"excerpt":{"rendered":"<p>Site Notice YAS RestaurantOwner: A&amp;S Verwaltung GmbHRepresented by:: Azarnia &amp; ShokriAn Gro\u00df St. Martin 250667 K\u00f6ln Phone:+49 (221) 42 3453 12Fax: +49 (221) 2 58 08 93E-Mail: in**@************nt.deInternet: www.yas-restaurant.de Cologne tax officeTax number: 215 \/ 5900 \/ 3013VAT ID: DE 301 56 3290 Commercial Register: HRB 78751Registration court: Amtsgericht K\u00f6ln Stadtsparkasse K\u00f6lnBIC: COKSDE33XXXIBAN: DE41 3705 &hellip; <a href=\"https:\/\/yas-restaurant.de\/en\/site-notice\" class=\"more-link\">Continue reading <span class=\"screen-reader-text\">Site Notice<\/span><\/a><\/p>\n","protected":false},"author":1,"featured_media":0,"parent":0,"menu_order":0,"comment_status":"closed","ping_status":"closed","template":"","meta":{"footnotes":""},"class_list":["post-561","page","type-page","status-publish","hentry"],"jetpack_sharing_enabled":true,"_links":{"self":[{"href":"https:\/\/yas-restaurant.de\/en\/wp-json\/wp\/v2\/pages\/561","targetHints":{"allow":["GET"]}}],"collection":[{"href":"https:\/\/yas-restaurant.de\/en\/wp-json\/wp\/v2\/pages"}],"about":[{"href":"https:\/\/yas-restaurant.de\/en\/wp-json\/wp\/v2\/types\/page"}],"author":[{"embeddable":true,"href":"https:\/\/yas-restaurant.de\/en\/wp-json\/wp\/v2\/users\/1"}],"replies":[{"embeddable":true,"href":"https:\/\/yas-restaurant.de\/en\/wp-json\/wp\/v2\/comments?post=561"}],"version-history":[{"count":6,"href":"https:\/\/yas-restaurant.de\/en\/wp-json\/wp\/v2\/pages\/561\/revisions"}],"predecessor-version":[{"id":629,"href":"https:\/\/yas-restaurant.de\/en\/wp-json\/wp\/v2\/pages\/561\/revisions\/629"}],"wp:attachment":[{"href":"https:\/\/yas-restaurant.de\/en\/wp-json\/wp\/v2\/media?parent=561"}],"curies":[{"name":"wp","href":"https:\/\/api.w.org\/{rel}","templated":true}]}}